{"id":2657,"date":"2024-08-16T21:55:21","date_gmt":"2024-08-16T21:55:21","guid":{"rendered":"https:\/\/reclone.org\/?page_id=2657"},"modified":"2026-02-19T18:05:29","modified_gmt":"2026-02-19T18:05:29","slug":"publications","status":"publish","type":"page","link":"https:\/\/reclone.org\/es\/publications\/","title":{"rendered":"Publications"},"content":{"rendered":"\t\t<div data-elementor-type=\"wp-page\" data-elementor-id=\"2657\" class=\"elementor elementor-2657\" data-elementor-post-type=\"page\">\n\t\t\t\t<div class=\"elementor-element elementor-element-22b8bac e-flex e-con-boxed e-con e-parent\" data-id=\"22b8bac\" data-element_type=\"container\">\n\t\t\t\t\t<div class=\"e-con-inner\">\n\t\t\t\t<div class=\"elementor-element elementor-element-93de316 elementor-widget elementor-widget-spacer\" data-id=\"93de316\" data-element_type=\"widget\" data-widget_type=\"spacer.default\">\n\t\t\t\t<div class=\"elementor-widget-container\">\n\t\t\t\t\t<div class=\"elementor-spacer\">\n\t\t\t<div class=\"elementor-spacer-inner\"><\/div>\n\t\t<\/div>\n\t\t\t\t<\/div>\n\t\t\t\t<\/div>\n\t\t<div class=\"elementor-element elementor-element-257e8f2 e-con-full e-flex e-con e-child\" data-id=\"257e8f2\" data-element_type=\"container\">\n\t\t\t\t<div class=\"elementor-element elementor-element-fbcc609 elementor-widget elementor-widget-heading\" data-id=\"fbcc609\" data-element_type=\"widget\" data-widget_type=\"heading.default\">\n\t\t\t\t<div class=\"elementor-widget-container\">\n\t\t\t<h2 class=\"elementor-heading-title elementor-size-default\">Reclone Publications<\/h2>\t\t<\/div>\n\t\t\t\t<\/div>\n\t\t\t\t<div class=\"elementor-element elementor-element-dff7e00 elementor-widget elementor-widget-spacer\" data-id=\"dff7e00\" data-element_type=\"widget\" data-widget_type=\"spacer.default\">\n\t\t\t\t<div class=\"elementor-widget-container\">\n\t\t\t\t\t<div class=\"elementor-spacer\">\n\t\t\t<div class=\"elementor-spacer-inner\"><\/div>\n\t\t<\/div>\n\t\t\t\t<\/div>\n\t\t\t\t<\/div>\n\t\t\t\t<\/div>\n\t\t\t\t<div class=\"elementor-element elementor-element-d9fdf16 elementor-widget elementor-widget-heading\" data-id=\"d9fdf16\" data-element_type=\"widget\" data-widget_type=\"heading.default\">\n\t\t\t\t<div class=\"elementor-widget-container\">\n\t\t\t<h2 class=\"elementor-heading-title elementor-size-default\">Reports &amp; Press<\/h2>\t\t<\/div>\n\t\t\t\t<\/div>\n\t\t\t\t<div class=\"elementor-element elementor-element-120ec99 elementor-widget elementor-widget-text-editor\" data-id=\"120ec99\" data-element_type=\"widget\" data-widget_type=\"text-editor.default\">\n\t\t\t\t<div class=\"elementor-widget-container\">\n\t\t\t\t\t\t\t<div>A highlight of key reports, posters, and press releases about the Reclone community and our outputs. For more Reclone news, please go to our <a href=\"https:\/\/reclone.org\/category\/blog\/\">Blog space<\/a>. <\/div>\t\t\t\t\t\t<\/div>\n\t\t\t\t<\/div>\n\t\t\t\t\t<\/div>\n\t\t\t\t<\/div>\n\t\t<div class=\"elementor-element elementor-element-6f05c03 e-flex e-con-boxed e-con e-parent\" data-id=\"6f05c03\" data-element_type=\"container\">\n\t\t\t\t\t<div class=\"e-con-inner\">\n\t\t<div class=\"elementor-element elementor-element-6e581ee e-con-full e-flex e-con e-child\" data-id=\"6e581ee\" data-element_type=\"container\">\n\t\t\t\t<div class=\"elementor-element elementor-element-d6a2922 elementor-widget elementor-widget-image\" data-id=\"d6a2922\" data-element_type=\"widget\" data-widget_type=\"image.default\">\n\t\t\t\t<div class=\"elementor-widget-container\">\n\t\t\t\t\t\t\t\t\t\t\t\t\t\t<a href=\"https:\/\/reclone.org\/wp-content\/uploads\/2024\/07\/Open-BioSharing-Workshops-Report.pdf\">\n\t\t\t\t\t\t\t<img fetchpriority=\"high\" decoding=\"async\" width=\"724\" height=\"1024\" src=\"https:\/\/reclone.org\/wp-content\/uploads\/2024\/08\/Open-BioSharing-Workshops-Report_pages-to-jpg-0001-724x1024.jpg\" class=\"attachment-large size-large wp-image-2659\" alt=\"\" srcset=\"https:\/\/reclone.org\/wp-content\/uploads\/2024\/08\/Open-BioSharing-Workshops-Report_pages-to-jpg-0001-724x1024.jpg 724w, https:\/\/reclone.org\/wp-content\/uploads\/2024\/08\/Open-BioSharing-Workshops-Report_pages-to-jpg-0001-212x300.jpg 212w, https:\/\/reclone.org\/wp-content\/uploads\/2024\/08\/Open-BioSharing-Workshops-Report_pages-to-jpg-0001-768x1086.jpg 768w, https:\/\/reclone.org\/wp-content\/uploads\/2024\/08\/Open-BioSharing-Workshops-Report_pages-to-jpg-0001-1086x1536.jpg 1086w, https:\/\/reclone.org\/wp-content\/uploads\/2024\/08\/Open-BioSharing-Workshops-Report_pages-to-jpg-0001-1448x2048.jpg 1448w, https:\/\/reclone.org\/wp-content\/uploads\/2024\/08\/Open-BioSharing-Workshops-Report_pages-to-jpg-0001-8x12.jpg 8w, https:\/\/reclone.org\/wp-content\/uploads\/2024\/08\/Open-BioSharing-Workshops-Report_pages-to-jpg-0001-scaled.jpg 1810w\" sizes=\"(max-width: 724px) 100vw, 724px\" \/>\t\t\t\t\t\t\t\t<\/a>\n\t\t\t\t\t\t\t\t\t\t\t\t\t<\/div>\n\t\t\t\t<\/div>\n\t\t\t\t<div class=\"elementor-element elementor-element-431cbe0 elementor-widget elementor-widget-text-editor\" data-id=\"431cbe0\" data-element_type=\"widget\" data-widget_type=\"text-editor.default\">\n\t\t\t\t<div class=\"elementor-widget-container\">\n\t\t\t\t\t\t\t<p>A status update on sharing biological tools and a collective vision for how open biosharing could disrupt and drastically improve the bioeconomy and our biotech research and innovation ecosystem (Jul-2024).<\/p>\t\t\t\t\t\t<\/div>\n\t\t\t\t<\/div>\n\t\t\t\t<div class=\"elementor-element elementor-element-cb9ced4 elementor-align-center elementor-widget__width-inherit elementor-widget elementor-widget-button\" data-id=\"cb9ced4\" data-element_type=\"widget\" data-widget_type=\"button.default\">\n\t\t\t\t<div class=\"elementor-widget-container\">\n\t\t\t\t\t<div class=\"elementor-button-wrapper\">\n\t\t\t<a class=\"elementor-button elementor-button-link elementor-size-sm\" href=\"https:\/\/reclone.org\/wp-content\/uploads\/2024\/07\/Open-BioSharing-Workshops-Report.pdf\">\n\t\t\t\t\t\t<span class=\"elementor-button-content-wrapper\">\n\t\t\t\t\t\t<span class=\"elementor-button-icon\">\n\t\t\t\t<i aria-hidden=\"true\" class=\"far fa-arrow-alt-circle-right\"><\/i>\t\t\t<\/span>\n\t\t\t\t\t\t\t\t\t<span class=\"elementor-button-text\">Download PDF<\/span>\n\t\t\t\t\t<\/span>\n\t\t\t\t\t<\/a>\n\t\t<\/div>\n\t\t\t\t<\/div>\n\t\t\t\t<\/div>\n\t\t\t\t<\/div>\n\t\t<div class=\"elementor-element elementor-element-b231414 e-con-full e-flex e-con e-child\" data-id=\"b231414\" data-element_type=\"container\">\n\t\t\t\t<div class=\"elementor-element elementor-element-07870cf elementor-widget elementor-widget-image\" data-id=\"07870cf\" data-element_type=\"widget\" data-widget_type=\"image.default\">\n\t\t\t\t<div class=\"elementor-widget-container\">\n\t\t\t\t\t\t\t\t\t\t\t\t\t\t<a href=\"https:\/\/reclone.org\/wp-content\/uploads\/2025\/02\/20241127_SynBioUK2024_Reclone_YKH_v4_FINAL.pdf\">\n\t\t\t\t\t\t\t<img decoding=\"async\" width=\"497\" height=\"702\" src=\"https:\/\/reclone.org\/wp-content\/uploads\/2025\/02\/20241127_SynBioUK2024_Reclone_YKH_v4_FINAL_5pc.png\" class=\"attachment-large size-large wp-image-2803\" alt=\"\" srcset=\"https:\/\/reclone.org\/wp-content\/uploads\/2025\/02\/20241127_SynBioUK2024_Reclone_YKH_v4_FINAL_5pc.png 497w, https:\/\/reclone.org\/wp-content\/uploads\/2025\/02\/20241127_SynBioUK2024_Reclone_YKH_v4_FINAL_5pc-212x300.png 212w, https:\/\/reclone.org\/wp-content\/uploads\/2025\/02\/20241127_SynBioUK2024_Reclone_YKH_v4_FINAL_5pc-8x12.png 8w\" sizes=\"(max-width: 497px) 100vw, 497px\" \/>\t\t\t\t\t\t\t\t<\/a>\n\t\t\t\t\t\t\t\t\t\t\t\t\t<\/div>\n\t\t\t\t<\/div>\n\t\t\t\t<div class=\"elementor-element elementor-element-ae0bf7f elementor-widget elementor-widget-text-editor\" data-id=\"ae0bf7f\" data-element_type=\"widget\" data-widget_type=\"text-editor.default\">\n\t\t\t\t<div class=\"elementor-widget-container\">\n\t\t\t\t\t\t\t<p>Reclone&#8217;s Vision and Missions as presented at the Synthetic Biology UK conference in Nov-2024, with updates on the Open DNA Collection, the Reclone Assembly Syntax, and how you can get involved.<\/p>\t\t\t\t\t\t<\/div>\n\t\t\t\t<\/div>\n\t\t\t\t<div class=\"elementor-element elementor-element-2af94c8 elementor-align-center elementor-widget__width-inherit elementor-widget elementor-widget-button\" data-id=\"2af94c8\" data-element_type=\"widget\" data-widget_type=\"button.default\">\n\t\t\t\t<div class=\"elementor-widget-container\">\n\t\t\t\t\t<div class=\"elementor-button-wrapper\">\n\t\t\t<a class=\"elementor-button elementor-button-link elementor-size-sm\" href=\"https:\/\/reclone.org\/wp-content\/uploads\/2025\/02\/20241127_SynBioUK2024_Reclone_YKH_v4_FINAL.pdf\">\n\t\t\t\t\t\t<span class=\"elementor-button-content-wrapper\">\n\t\t\t\t\t\t<span class=\"elementor-button-icon\">\n\t\t\t\t<i aria-hidden=\"true\" class=\"far fa-arrow-alt-circle-right\"><\/i>\t\t\t<\/span>\n\t\t\t\t\t\t\t\t\t<span class=\"elementor-button-text\">Download PDF<\/span>\n\t\t\t\t\t<\/span>\n\t\t\t\t\t<\/a>\n\t\t<\/div>\n\t\t\t\t<\/div>\n\t\t\t\t<\/div>\n\t\t\t\t<\/div>\n\t\t<div class=\"elementor-element elementor-element-579d192 e-con-full e-flex e-con e-child\" data-id=\"579d192\" data-element_type=\"container\">\n\t\t\t\t<div class=\"elementor-element elementor-element-618ff29 elementor-widget elementor-widget-image\" data-id=\"618ff29\" data-element_type=\"widget\" data-widget_type=\"image.default\">\n\t\t\t\t<div class=\"elementor-widget-container\">\n\t\t\t\t\t\t\t\t\t\t\t\t\t\t<a href=\"https:\/\/reclone.org\/wp-content\/uploads\/2026\/02\/Reclone-2025-Report.pdf\">\n\t\t\t\t\t\t\t<img decoding=\"async\" width=\"819\" height=\"1024\" src=\"https:\/\/reclone.org\/wp-content\/uploads\/2026\/02\/Report-2-819x1024.png\" class=\"attachment-large size-large wp-image-3178\" alt=\"\" srcset=\"https:\/\/reclone.org\/wp-content\/uploads\/2026\/02\/Report-2-819x1024.png 819w, https:\/\/reclone.org\/wp-content\/uploads\/2026\/02\/Report-2-240x300.png 240w, https:\/\/reclone.org\/wp-content\/uploads\/2026\/02\/Report-2-768x960.png 768w, https:\/\/reclone.org\/wp-content\/uploads\/2026\/02\/Report-2-10x12.png 10w, https:\/\/reclone.org\/wp-content\/uploads\/2026\/02\/Report-2.png 1080w\" sizes=\"(max-width: 819px) 100vw, 819px\" \/>\t\t\t\t\t\t\t\t<\/a>\n\t\t\t\t\t\t\t\t\t\t\t\t\t<\/div>\n\t\t\t\t<\/div>\n\t\t\t\t<div class=\"elementor-element elementor-element-488f0b8 elementor-widget elementor-widget-text-editor\" data-id=\"488f0b8\" data-element_type=\"widget\" data-widget_type=\"text-editor.default\">\n\t\t\t\t<div class=\"elementor-widget-container\">\n\t\t\t\t\t\t\t<p>Through training, partnerships, and community exchange, Reclone advanced technical expertise, fostered open science practices, and grew its international presence. The milestones highlighted in this report reflect a year of collective progress toward a more equitable and resilient global biotechnology ecosystem.<\/p>\t\t\t\t\t\t<\/div>\n\t\t\t\t<\/div>\n\t\t\t\t<div class=\"elementor-element elementor-element-d49013d elementor-align-center elementor-widget__width-inherit elementor-widget elementor-widget-button\" data-id=\"d49013d\" data-element_type=\"widget\" data-widget_type=\"button.default\">\n\t\t\t\t<div class=\"elementor-widget-container\">\n\t\t\t\t\t<div class=\"elementor-button-wrapper\">\n\t\t\t<a class=\"elementor-button elementor-button-link elementor-size-sm\" href=\"https:\/\/reclone.org\/wp-content\/uploads\/2026\/02\/Reclone-2025-Report.pdf\">\n\t\t\t\t\t\t<span class=\"elementor-button-content-wrapper\">\n\t\t\t\t\t\t<span class=\"elementor-button-icon\">\n\t\t\t\t<i aria-hidden=\"true\" class=\"far fa-arrow-alt-circle-right\"><\/i>\t\t\t<\/span>\n\t\t\t\t\t\t\t\t\t<span class=\"elementor-button-text\">Download PDF<\/span>\n\t\t\t\t\t<\/span>\n\t\t\t\t\t<\/a>\n\t\t<\/div>\n\t\t\t\t<\/div>\n\t\t\t\t<\/div>\n\t\t\t\t<\/div>\n\t\t<div class=\"elementor-element elementor-element-f9bf57f e-con-full e-flex e-con e-child\" data-id=\"f9bf57f\" data-element_type=\"container\">\n\t\t\t\t<\/div>\n\t\t\t\t\t<\/div>\n\t\t\t\t<\/div>\n\t\t<div class=\"elementor-element elementor-element-e3d5235 e-flex e-con-boxed e-con e-parent\" data-id=\"e3d5235\" data-element_type=\"container\">\n\t\t\t\t\t<div class=\"e-con-inner\">\n\t\t\t\t<div class=\"elementor-element elementor-element-4ea9f13 elementor-widget elementor-widget-spacer\" data-id=\"4ea9f13\" data-element_type=\"widget\" data-widget_type=\"spacer.default\">\n\t\t\t\t<div class=\"elementor-widget-container\">\n\t\t\t\t\t<div class=\"elementor-spacer\">\n\t\t\t<div class=\"elementor-spacer-inner\"><\/div>\n\t\t<\/div>\n\t\t\t\t<\/div>\n\t\t\t\t<\/div>\n\t\t\t\t<div class=\"elementor-element elementor-element-781d94d elementor-widget elementor-widget-heading\" data-id=\"781d94d\" data-element_type=\"widget\" data-widget_type=\"heading.default\">\n\t\t\t\t<div class=\"elementor-widget-container\">\n\t\t\t<h2 class=\"elementor-heading-title elementor-size-default\">Academic Publications<\/h2>\t\t<\/div>\n\t\t\t\t<\/div>\n\t\t\t\t<div class=\"elementor-element elementor-element-3744513 elementor-widget elementor-widget-text-editor\" data-id=\"3744513\" data-element_type=\"widget\" data-widget_type=\"text-editor.default\">\n\t\t\t\t<div class=\"elementor-widget-container\">\n\t\t\t\t\t\t\t<p>The following papers used Reclone community resources and\/or the Open DNA Collections distributed by Free Genes and Reclone members.<\/p>\t\t\t\t\t\t<\/div>\n\t\t\t\t<\/div>\n\t\t\t\t<div class=\"elementor-element elementor-element-63948a0 elementor-widget elementor-widget-spacer\" data-id=\"63948a0\" data-element_type=\"widget\" data-widget_type=\"spacer.default\">\n\t\t\t\t<div class=\"elementor-widget-container\">\n\t\t\t\t\t<div class=\"elementor-spacer\">\n\t\t\t<div class=\"elementor-spacer-inner\"><\/div>\n\t\t<\/div>\n\t\t\t\t<\/div>\n\t\t\t\t<\/div>\n\t\t\t\t<div class=\"elementor-element elementor-element-add077f elementor-position-left elementor-vertical-align-top elementor-widget elementor-widget-image-box\" data-id=\"add077f\" data-element_type=\"widget\" data-widget_type=\"image-box.default\">\n\t\t\t\t<div class=\"elementor-widget-container\">\n\t\t\t<div class=\"elementor-image-box-wrapper\"><figure class=\"elementor-image-box-img\"><a href=\"https:\/\/journals.plos.org\/plosone\/article?id=10.1371\/journal.pone.0297081\" tabindex=\"-1\"><img loading=\"lazy\" decoding=\"async\" width=\"767\" height=\"605\" src=\"https:\/\/reclone.org\/wp-content\/uploads\/2024\/08\/2024-08-16-1723845005_767x605_scrot.png\" class=\"attachment-full size-full wp-image-2663\" alt=\"\" srcset=\"https:\/\/reclone.org\/wp-content\/uploads\/2024\/08\/2024-08-16-1723845005_767x605_scrot.png 767w, https:\/\/reclone.org\/wp-content\/uploads\/2024\/08\/2024-08-16-1723845005_767x605_scrot-300x237.png 300w, https:\/\/reclone.org\/wp-content\/uploads\/2024\/08\/2024-08-16-1723845005_767x605_scrot-15x12.png 15w\" sizes=\"(max-width: 767px) 100vw, 767px\" \/><\/a><\/figure><div class=\"elementor-image-box-content\"><h3 class=\"elementor-image-box-title\"><a href=\"https:\/\/journals.plos.org\/plosone\/article?id=10.1371\/journal.pone.0297081\">An open one-step RT-qPCR for SARS-CoV-2 detection<\/a><\/h3><p class=\"elementor-image-box-description\">Ariel Cerda, Maira Rivera, Grace Armijo, Catalina Ibarra-Henriquez, Javiera Reyes, Paula Bl\u00e1zquez-S\u00e1nchez, Javiera Avil\u00e9s, An\u00edbal Arce, Aldo Seguel, Alexander J Brown, Yesseny V\u00e1squez, Marcelo Cortez-San Mart\u00edn, Francisco A Cubillos, Patricia Garc\u00eda, Marcela Ferres, C\u00e9sar A Ram\u00edrez-Sarmiento, Fern\u00e1n Federici, Rodrigo A Guti\u00e9rrez<\/p><\/div><\/div>\t\t<\/div>\n\t\t\t\t<\/div>\n\t\t\t\t<div class=\"elementor-element elementor-element-3fd789b elementor-position-left elementor-vertical-align-top elementor-widget elementor-widget-image-box\" data-id=\"3fd789b\" data-element_type=\"widget\" data-widget_type=\"image-box.default\">\n\t\t\t\t<div class=\"elementor-widget-container\">\n\t\t\t<div class=\"elementor-image-box-wrapper\"><figure class=\"elementor-image-box-img\"><a href=\"https:\/\/doi.org\/10.1101\/2024.03.28.587173\" tabindex=\"-1\"><img loading=\"lazy\" decoding=\"async\" width=\"490\" height=\"472\" src=\"https:\/\/reclone.org\/wp-content\/uploads\/2024\/08\/2024-08-16-1723845188_490x472_scrot.png\" class=\"attachment-full size-full wp-image-2664\" alt=\"\" srcset=\"https:\/\/reclone.org\/wp-content\/uploads\/2024\/08\/2024-08-16-1723845188_490x472_scrot.png 490w, https:\/\/reclone.org\/wp-content\/uploads\/2024\/08\/2024-08-16-1723845188_490x472_scrot-300x289.png 300w, https:\/\/reclone.org\/wp-content\/uploads\/2024\/08\/2024-08-16-1723845188_490x472_scrot-12x12.png 12w\" sizes=\"(max-width: 490px) 100vw, 490px\" \/><\/a><\/figure><div class=\"elementor-image-box-content\"><h3 class=\"elementor-image-box-title\"><a href=\"https:\/\/doi.org\/10.1101\/2024.03.28.587173\">[Preprint] Open Educational Resources for distributed hands-on teaching in molecular biology<\/a><\/h3><p class=\"elementor-image-box-description\">Ariel Cerda Rojas, Alejandro Aravena, Anibal Arce, Valentina Zapata, Wladimir Araya, Domingo Gallardo, Javiera Aviles, Francisco Quero, Isaac Nunez, Tamara Matute, Felipe Navarro, Valentina Ferrando, Marta Blanco, Sebastian Velozo, Sebastian Aguilera, Francisco Chateau, Jennifer C Molloy, Guy Aidelberg, Ariel B Lindner, Fernando Castro, Pablo Cremades, Cesar A Ramirez-Sarmiento, Fernan Federici<\/p><\/div><\/div>\t\t<\/div>\n\t\t\t\t<\/div>\n\t\t\t\t<div class=\"elementor-element elementor-element-fbe574b elementor-position-left elementor-vertical-align-top elementor-widget elementor-widget-image-box\" data-id=\"fbe574b\" data-element_type=\"widget\" data-widget_type=\"image-box.default\">\n\t\t\t\t<div class=\"elementor-widget-container\">\n\t\t\t<div class=\"elementor-image-box-wrapper\"><figure class=\"elementor-image-box-img\"><a href=\"https:\/\/www.ncbi.nlm.nih.gov\/pmc\/articles\/PMC8730520\/\" tabindex=\"-1\"><img loading=\"lazy\" decoding=\"async\" width=\"285\" height=\"225\" src=\"https:\/\/reclone.org\/wp-content\/uploads\/2024\/08\/2024-08-16-1723845316_285x225_scrot.png\" class=\"attachment-full size-full wp-image-2665\" alt=\"\" srcset=\"https:\/\/reclone.org\/wp-content\/uploads\/2024\/08\/2024-08-16-1723845316_285x225_scrot.png 285w, https:\/\/reclone.org\/wp-content\/uploads\/2024\/08\/2024-08-16-1723845316_285x225_scrot-15x12.png 15w\" sizes=\"(max-width: 285px) 100vw, 285px\" \/><\/a><\/figure><div class=\"elementor-image-box-content\"><h3 class=\"elementor-image-box-title\"><a href=\"https:\/\/www.ncbi.nlm.nih.gov\/pmc\/articles\/PMC8730520\/\">Homebrew reagents for low-cost RT-LAMP<\/a><\/h3><p class=\"elementor-image-box-description\">Tamara Matute, Isaac Nu\u00f1ez, Maira Rivera, Javiera Reyes, Paula Bl\u00e1zquez-S\u00e1nchez, An\u00edbal Arce, Alexander J Brown, Chiara Gandini, Jennifer Molloy, C\u00e9sar A Ramirez-Sarmiento, Fern\u00e1n Federici<\/p><\/div><\/div>\t\t<\/div>\n\t\t\t\t<\/div>\n\t\t\t\t\t<\/div>\n\t\t\t\t<\/div>\n\t\t\t\t<\/div>\n\t\t","protected":false},"excerpt":{"rendered":"<p>Reclone Publications Reports &amp; Press A highlight of key reports, posters, and press releases about the Reclone community and our outputs. For more Reclone news, please go to our Blog space. A status update on sharing biological tools and a collective vision for how open biosharing could disrupt and drastically improve the bioeconomy and our &#8230; <a title=\"Publications\" class=\"read-more\" href=\"https:\/\/reclone.org\/es\/publications\/\" aria-label=\"Leer m\u00e1s sobre Publications\">Leer m\u00e1s<\/a><\/p>","protected":false},"author":2,"featured_media":0,"parent":0,"menu_order":0,"comment_status":"closed","ping_status":"closed","template":"elementor_header_footer","meta":{"_acf_changed":false,"tpgb_global_settings":"","footnotes":""},"class_list":["post-2657","page","type-page","status-publish"],"acf":[],"tpgb_featured_images":null,"tpgb_post_meta_info":{"get_date":"agosto 16, 2024","author_name":"Jenny Molloy","author_url":"https:\/\/reclone.org\/es\/author\/jenny_molloy\/","author_email":"jcm80@cam.ac.uk","author_website":"","author_description":"","author_facebook":"","author_twitter":"","author_instagram":"","author_role":["administrator"],"author_firstname":"Jenny","author_lastname":"Molloy","user_login":"jcmolloy","author_avatar":"<img alt='' src='https:\/\/secure.gravatar.com\/avatar\/44e7b3ee17d8c26b883a805c31284159dc5ee17c40220df9545636ce531f5979?s=200&#038;d=mm&#038;r=g' srcset='https:\/\/secure.gravatar.com\/avatar\/44e7b3ee17d8c26b883a805c31284159dc5ee17c40220df9545636ce531f5979?s=400&#038;d=mm&#038;r=g 2x' class='avatar avatar-200 photo' height='200' width='200' decoding='async'\/>","author_avatar_url":"https:\/\/secure.gravatar.com\/avatar\/44e7b3ee17d8c26b883a805c31284159dc5ee17c40220df9545636ce531f5979?s=96&d=mm&r=g","comment_count":0,"post_likes":0,"post_views":0},"tpgb_post_category":[],"_links":{"self":[{"href":"https:\/\/reclone.org\/es\/wp-json\/wp\/v2\/pages\/2657","targetHints":{"allow":["GET"]}}],"collection":[{"href":"https:\/\/reclone.org\/es\/wp-json\/wp\/v2\/pages"}],"about":[{"href":"https:\/\/reclone.org\/es\/wp-json\/wp\/v2\/types\/page"}],"author":[{"embeddable":true,"href":"https:\/\/reclone.org\/es\/wp-json\/wp\/v2\/users\/2"}],"replies":[{"embeddable":true,"href":"https:\/\/reclone.org\/es\/wp-json\/wp\/v2\/comments?post=2657"}],"version-history":[{"count":25,"href":"https:\/\/reclone.org\/es\/wp-json\/wp\/v2\/pages\/2657\/revisions"}],"predecessor-version":[{"id":3181,"href":"https:\/\/reclone.org\/es\/wp-json\/wp\/v2\/pages\/2657\/revisions\/3181"}],"wp:attachment":[{"href":"https:\/\/reclone.org\/es\/wp-json\/wp\/v2\/media?parent=2657"}],"curies":[{"name":"wp","href":"https:\/\/api.w.org\/{rel}","templated":true}]}}